{"id":3524,"date":"2022-08-17T12:03:59","date_gmt":"2022-08-17T12:03:59","guid":{"rendered":"https:\/\/gititrucktire.ca\/a-propos-de-giti"},"modified":"2023-04-04T15:53:13","modified_gmt":"2023-04-04T15:53:13","slug":"a-propos-de-giti","status":"publish","type":"page","link":"https:\/\/gititrucktire.ca\/fr\/a-propos-de-giti","title":{"rendered":"\u00c0 propos de Giti"},"content":{"rendered":"\n<div class=\"wp-block-columns py-5 mb-0 background__yellow is-layout-flex wp-container-core-columns-is-layout-9d6595d7 wp-block-columns-is-layout-flex\">\n<div class=\"wp-block-column is-layout-flow wp-block-column-is-layout-flow\">\n<h2 class=\"wp-block-heading has-text-align-center text-uppercase font__weight-700 section-header text__black mb-2\">Une entreprise mondiale de pneus<\/h2>\n\n\n\n<div style=\"height:10px\" aria-hidden=\"true\" class=\"wp-block-spacer\"><\/div>\n<\/div>\n<\/div>\n\n\n\n<div class=\"wp-block-columns gap-0 mb-0 background__black is-layout-flex wp-container-core-columns-is-layout-9d6595d7 wp-block-columns-is-layout-flex\">\n<div class=\"wp-block-column align-items-center d-flex is-layout-flow wp-block-column-is-layout-flow\">\n<div class=\"wp-block-columns homecopy pe-5 is-layout-flex wp-container-core-columns-is-layout-9d6595d7 wp-block-columns-is-layout-flex\">\n<div class=\"wp-block-column py-5 py-md-0 is-layout-flow wp-block-column-is-layout-flow\">\n<p class=\"text__white\">Bas\u00e9e \u00e0 Singapour, Giti Tire est une entreprise mondiale de pneumatiques, enti\u00e8rement int\u00e9gr\u00e9e dans les domaines de la R&amp;D, de la fabrication et de la distribution, au service des consommateurs dans plus de 130 pays du monde entier.<\/p>\n\n\n\n<p class=\"text__white\">Giti Tire s&rsquo;engage \u00e0 faire preuve d&rsquo;int\u00e9grit\u00e9, d&rsquo;\u00e9thique commerciale et de transparence, tout en assumant pleinement ses responsabilit\u00e9s envers les actionnaires. Giti Tire a connu 20 ans de croissance durable, en \u00e9tant toujours respectueux de l&rsquo;environnement et des personnes qui y vivent.<\/p>\n<\/div>\n<\/div>\n<\/div>\n\n\n\n<div class=\"wp-block-column is-layout-flow wp-block-column-is-layout-flow\">\n<figure class=\"wp-block-image size-full w-100 mb-0 mt-0\"><img loading=\"lazy\" decoding=\"async\" width=\"1000\" height=\"730\" src=\"https:\/\/gititrucktire.ca\/wp-content\/uploads\/2022\/09\/About-intro-image.jpg\" alt=\"\" class=\"wp-image-324\" srcset=\"https:\/\/gititrucktire.ca\/wp-content\/uploads\/2022\/09\/About-intro-image.jpg 1000w, https:\/\/gititrucktire.ca\/wp-content\/uploads\/2022\/09\/About-intro-image-300x219.jpg 300w, https:\/\/gititrucktire.ca\/wp-content\/uploads\/2022\/09\/About-intro-image-768x561.jpg 768w\" sizes=\"auto, (max-width: 1000px) 100vw, 1000px\" \/><\/figure>\n<\/div>\n<\/div>\n\n\n\n<div class=\"wp-block-columns py-5 is-layout-flex wp-container-core-columns-is-layout-9d6595d7 wp-block-columns-is-layout-flex\">\n<div class=\"wp-block-column is-layout-flow wp-block-column-is-layout-flow\">\n<div class=\"wp-block-columns container is-layout-flex wp-container-core-columns-is-layout-9d6595d7 wp-block-columns-is-layout-flex\">\n<div class=\"wp-block-column is-layout-flow wp-block-column-is-layout-flow\"><div class=\"wp-block-image w-100\">\n<figure class=\"aligncenter size-large\"><img loading=\"lazy\" decoding=\"async\" width=\"1024\" height=\"543\" src=\"https:\/\/gititrucktire.ca\/wp-content\/uploads\/2023\/04\/fr-about-giti-1024x543.jpg\" alt=\"\" class=\"wp-image-4371\" srcset=\"https:\/\/gititrucktire.ca\/wp-content\/uploads\/2023\/04\/fr-about-giti-1024x543.jpg 1024w, https:\/\/gititrucktire.ca\/wp-content\/uploads\/2023\/04\/fr-about-giti-300x159.jpg 300w, https:\/\/gititrucktire.ca\/wp-content\/uploads\/2023\/04\/fr-about-giti-768x407.jpg 768w, https:\/\/gititrucktire.ca\/wp-content\/uploads\/2023\/04\/fr-about-giti-1536x814.jpg 1536w, https:\/\/gititrucktire.ca\/wp-content\/uploads\/2023\/04\/fr-about-giti.jpg 1900w\" sizes=\"auto, (max-width: 1024px) 100vw, 1024px\" \/><\/figure>\n<\/div><\/div>\n<\/div>\n<\/div>\n<\/div>\n\n\n\n<div class=\"wp-block-columns py-5 mb-0 background__yellow is-layout-flex wp-container-core-columns-is-layout-9d6595d7 wp-block-columns-is-layout-flex\">\n<div class=\"wp-block-column is-layout-flow wp-block-column-is-layout-flow\">\n<h2 class=\"wp-block-heading has-text-align-center font__weight-700 section-header text__black mb-2\">Am\u00e9rique du Nord<\/h2>\n\n\n\n<div style=\"height:10px\" aria-hidden=\"true\" class=\"wp-block-spacer\"><\/div>\n<\/div>\n<\/div>\n\n\n\n<div class=\"wp-block-columns container py-5 mb-0 is-layout-flex wp-container-core-columns-is-layout-9d6595d7 wp-block-columns-is-layout-flex\">\n<div class=\"wp-block-column is-layout-flow wp-block-column-is-layout-flow\">\n<p class=\"text__black\">Les pneus Giti sont offerts aux \u00c9tats-Unis depuis plus de 20 ans, et Giti poss\u00e8de de nombreuses installations en Am\u00e9rique du Nord, soutenant plus de 6 500 points de vente au d\u00e9tail aux \u00c9tats-Unis et plus de 740 au Canada.<\/p>\n\n\n\n<p class=\"text__black\">Le si\u00e8ge nord-am\u00e9ricain de Giti, situ\u00e9 \u00e0 Rancho Cucamonga, en Californie, juste \u00e0 c\u00f4t\u00e9 de Los Angeles, a \u00e9t\u00e9 cr\u00e9\u00e9 en 2005. Les op\u00e9rations canadiennes, bas\u00e9es \u00e0 Surrey, en Colombie-Britannique, ont \u00e9t\u00e9 \u00e9tablies en 2007.<\/p>\n\n\n\n<p class=\"text__black\">Le centre de R&amp;D de Giti Tire aux \u00c9tats-Unis, qui fait partie du r\u00e9seau mondial de centres de R&amp;D de Giti, a \u00e9t\u00e9 cr\u00e9\u00e9 en 2013 pour fournir une recherche et un d\u00e9veloppement cibl\u00e9s sur le march\u00e9 nord-am\u00e9ricain et les besoins en mati\u00e8re de performance, y compris les pneus OE et de remplacement.<\/p>\n<\/div>\n\n\n\n<div class=\"wp-block-column is-layout-flow wp-block-column-is-layout-flow\">\n<p class=\"text__black\">Le premier site de production nord-am\u00e9ricain de Giti, Giti USA Manufacturing, annonc\u00e9 en juin 2014, est situ\u00e9 dans le comt\u00e9 de Chester, en Caroline du Sud.<\/p>\n\n\n\n<p class=\"text__black\">La nouvelle installation de production ultramoderne de 1,7 million de pieds carr\u00e9s a \u00e9t\u00e9 achev\u00e9e et a commenc\u00e9 \u00e0 produire en octobre 2017.<\/p>\n\n\n\n<p class=\"text__black\">Giti propose actuellement trois autres marques en Am\u00e9rique du Nord, y compris des pneus pour tout, des camions commerciaux aux camionnettes en passant par les voitures particuli\u00e8res.<\/p>\n\n\n\n<div class=\"wp-block-buttons is-layout-flex wp-block-buttons-is-layout-flex\">\n<div class=\"wp-block-button\"><a class=\"wp-block-button__link wp-element-button\" href=\"http:\/\/www.giti.com\/corp\/index.asp?language=1\" target=\"_blank\" rel=\"noreferrer noopener\">SITE MONDIAL DE GITI TIRE<\/a><\/div>\n<\/div>\n<\/div>\n<\/div>\n\n\n\n<div class=\"wp-block-columns py-5 is-layout-flex wp-container-core-columns-is-layout-9d6595d7 wp-block-columns-is-layout-flex\">\n<div class=\"wp-block-column is-layout-flow wp-block-column-is-layout-flow\">\n<div class=\"wp-block-columns container is-layout-flex wp-container-core-columns-is-layout-9d6595d7 wp-block-columns-is-layout-flex\">\n<div class=\"wp-block-column is-layout-flow wp-block-column-is-layout-flow\"><div class=\"wp-block-image w-100\">\n<figure class=\"aligncenter size-large\"><img loading=\"lazy\" decoding=\"async\" width=\"1024\" height=\"402\" src=\"https:\/\/gititrucktire.ca\/wp-content\/uploads\/2022\/09\/North-America-Map-1024x402.jpg\" alt=\"\" class=\"wp-image-355\" srcset=\"https:\/\/gititrucktire.ca\/wp-content\/uploads\/2022\/09\/North-America-Map-1024x402.jpg 1024w, https:\/\/gititrucktire.ca\/wp-content\/uploads\/2022\/09\/North-America-Map-300x118.jpg 300w, https:\/\/gititrucktire.ca\/wp-content\/uploads\/2022\/09\/North-America-Map-768x301.jpg 768w, https:\/\/gititrucktire.ca\/wp-content\/uploads\/2022\/09\/North-America-Map.jpg 1140w\" sizes=\"auto, (max-width: 1024px) 100vw, 1024px\" \/><\/figure>\n<\/div><\/div>\n<\/div>\n<\/div>\n<\/div>\n\n\n\n<div class=\"wp-block-columns container is-layout-flex wp-container-core-columns-is-layout-9d6595d7 wp-block-columns-is-layout-flex\">\n<div class=\"wp-block-column is-layout-flow wp-block-column-is-layout-flow\">\n<h2 class=\"wp-block-heading header-h3 font__weight-700\">Faits sur l&rsquo;usine de Giti USA<\/h2>\n<\/div>\n<\/div>\n\n\n\n<div class=\"wp-block-columns container is-layout-flex wp-container-core-columns-is-layout-9d6595d7 wp-block-columns-is-layout-flex\">\n<div class=\"wp-block-column is-layout-flow wp-block-column-is-layout-flow\">\n<ul class=\"p-0 m-0 ps-3\">\n<li>Le site de plus de 1 100 acres est situ\u00e9 dans le comt\u00e9 de Chester, en Caroline du Sud.<\/li>\n<li>L&rsquo;usine de fabrication et le centre de distribution ultramodernes ont commenc\u00e9 \u00e0 produire en octobre 2017.<\/li>\n<li>Le projet devrait cr\u00e9er 1 700 nouveaux emplois au cours des dix prochaines ann\u00e9es.<\/li>\n<li>Giti Tire investira environ 560 millions de dollars.<\/li>\n<li>Premi\u00e8re usine de fabrication en Am\u00e9rique du Nord pour Giti Tire, il s&rsquo;agit de la huiti\u00e8me usine de fabrication de pneus de Giti dans le monde.<\/li>\n<li>La nouvelle installation produira des pneus PCR\/LT pour le march\u00e9 du remplacement et les constructeurs automobiles en Am\u00e9rique du Nord.<\/li> \n<li>La capacit\u00e9 de production devrait d\u00e9passer les 3 millions de pneus par an en 2019.<\/li>\n<li>Des augmentations suppl\u00e9mentaires de capacit\u00e9 sont pr\u00e9vues pour suivre la demande du march\u00e9 et la croissance des activit\u00e9s de Giti en Am\u00e9rique du Nord.<\/li>\n<\/ul>\n<\/div>\n\n\n\n<div class=\"wp-block-column is-layout-flow wp-block-column-is-layout-flow\">\n<iframe loading=\"lazy\" width=\"100%\" height=\"360\" src=\"https:\/\/www.youtube.com\/embed\/-CJPvugZv3k\" title=\"Giti Tire - Faits saillants de l'\u00e9v\u00e9nement Walmart - Longue dur\u00e9e\" frameborder=\"0\" allow=\"accelerometer; autoplay; clipboard-write; encrypted-media; gyroscope; picture-in-picture\" allowfullscreen=\"\"><\/iframe>\n<\/div>\n<\/div>\n\n\n\n<div style=\"height:50px\" aria-hidden=\"true\" class=\"wp-block-spacer\"><\/div>\n\n\n\n<div class=\"wp-block-columns gap-0 mb-0 background__black is-layout-flex wp-container-core-columns-is-layout-9d6595d7 wp-block-columns-is-layout-flex\">\n<div class=\"wp-block-column align-items-center d-flex is-layout-flow wp-block-column-is-layout-flow\">\n<div class=\"wp-block-columns homecopy pe-5 is-layout-flex wp-container-core-columns-is-layout-9d6595d7 wp-block-columns-is-layout-flex\">\n<div class=\"wp-block-column py-5 py-md-0 is-layout-flow wp-block-column-is-layout-flow\">\n<h2 class=\"wp-block-heading header-h3 font__weight-700 text__yellow\">Partenariats OEM pour camions et bus<\/h2>\n\n\n\n<p class=\"text__white mb-0\">Les pneus Giti pour camions et bus commerciaux offrent diverses solutions de pneus pour r\u00e9pondre aux besoins de diverses conditions routi\u00e8res et habitudes de conduite, y compris pour plus de 400 montages d&rsquo;origine dans le monde entier. Giti sait que la durabilit\u00e9, la s\u00e9curit\u00e9 et l&rsquo;efficacit\u00e9 sont primordiales pour les entreprises qui doivent r\u00e9ussir dans leurs activit\u00e9s quotidiennes tout en r\u00e9duisant leurs d\u00e9penses, et concentre ses efforts sur la fourniture de solutions positives aux besoins des clients.<\/p>\n<\/div>\n<\/div>\n<\/div>\n\n\n\n<div class=\"wp-block-column has-white-background-color has-background is-layout-flow wp-block-column-is-layout-flow\">\n<div style=\"height:80px\" aria-hidden=\"true\" class=\"wp-block-spacer\"><\/div>\n\n\n\n<figure class=\"wp-block-image size-full w-100 mb-0\"><img loading=\"lazy\" decoding=\"async\" width=\"1000\" height=\"667\" src=\"https:\/\/gititrucktire.ca\/wp-content\/uploads\/2022\/09\/OEM-Image.jpg\" alt=\"\" class=\"wp-image-361\" srcset=\"https:\/\/gititrucktire.ca\/wp-content\/uploads\/2022\/09\/OEM-Image.jpg 1000w, https:\/\/gititrucktire.ca\/wp-content\/uploads\/2022\/09\/OEM-Image-300x200.jpg 300w, https:\/\/gititrucktire.ca\/wp-content\/uploads\/2022\/09\/OEM-Image-768x512.jpg 768w\" sizes=\"auto, (max-width: 1000px) 100vw, 1000px\" \/><\/figure>\n<\/div>\n<\/div>\n\n\n\n<div class=\"wp-block-columns py-5 mb-0 background__yellow is-layout-flex wp-container-core-columns-is-layout-9d6595d7 wp-block-columns-is-layout-flex\">\n<div class=\"wp-block-column is-layout-flow wp-block-column-is-layout-flow\">\n<h2 class=\"wp-block-heading has-text-align-center font__weight-700 section-header text__black mb-2\">Responsabilit\u00e9 sociale<\/h2>\n\n\n\n<div style=\"height:10px\" aria-hidden=\"true\" class=\"wp-block-spacer\"><\/div>\n<\/div>\n<\/div>\n\n\n\n<div class=\"wp-block-columns mb-0 is-layout-flex wp-container-core-columns-is-layout-9d6595d7 wp-block-columns-is-layout-flex\">\n<div class=\"wp-block-column w-100 is-layout-flow wp-block-column-is-layout-flow\">\n<figure class=\"wp-block-image size-large mb-0 w-100 mt-0\"><img loading=\"lazy\" decoding=\"async\" width=\"1024\" height=\"277\" src=\"https:\/\/gititrucktire.ca\/wp-content\/uploads\/2022\/09\/social-responsibility-banner-1024x277.jpg\" alt=\"\" class=\"wp-image-364\" srcset=\"https:\/\/gititrucktire.ca\/wp-content\/uploads\/2022\/09\/social-responsibility-banner-1024x277.jpg 1024w, https:\/\/gititrucktire.ca\/wp-content\/uploads\/2022\/09\/social-responsibility-banner-300x81.jpg 300w, https:\/\/gititrucktire.ca\/wp-content\/uploads\/2022\/09\/social-responsibility-banner-768x208.jpg 768w, https:\/\/gititrucktire.ca\/wp-content\/uploads\/2022\/09\/social-responsibility-banner-1536x415.jpg 1536w, https:\/\/gititrucktire.ca\/wp-content\/uploads\/2022\/09\/social-responsibility-banner.jpg 2004w\" sizes=\"auto, (max-width: 1024px) 100vw, 1024px\" \/><\/figure>\n<\/div>\n<\/div>\n\n\n\n<div class=\"wp-block-columns gap-0 mb-0 background__light-grey is-layout-flex wp-container-core-columns-is-layout-9d6595d7 wp-block-columns-is-layout-flex\">\n<div class=\"wp-block-column mt-0 is-layout-flow wp-block-column-is-layout-flow\">\n<figure class=\"wp-block-image size-large w-100 mb-0 mt-0 zoooom\"><img loading=\"lazy\" decoding=\"async\" width=\"1024\" height=\"543\" src=\"https:\/\/gititrucktire.ca\/wp-content\/uploads\/2023\/04\/fr-about-giti-1024x543.jpg\" alt=\"\" class=\"wp-image-4371\" srcset=\"https:\/\/gititrucktire.ca\/wp-content\/uploads\/2023\/04\/fr-about-giti-1024x543.jpg 1024w, https:\/\/gititrucktire.ca\/wp-content\/uploads\/2023\/04\/fr-about-giti-300x159.jpg 300w, https:\/\/gititrucktire.ca\/wp-content\/uploads\/2023\/04\/fr-about-giti-768x407.jpg 768w, https:\/\/gititrucktire.ca\/wp-content\/uploads\/2023\/04\/fr-about-giti-1536x814.jpg 1536w, https:\/\/gititrucktire.ca\/wp-content\/uploads\/2023\/04\/fr-about-giti.jpg 1900w\" sizes=\"auto, (max-width: 1024px) 100vw, 1024px\" \/><\/figure>\n<\/div>\n\n\n\n<div class=\"wp-block-column align-items-center d-flex is-layout-flow wp-block-column-is-layout-flow\">\n<div class=\"wp-block-columns padding-right__copy ps-5 is-layout-flex wp-container-core-columns-is-layout-9d6595d7 wp-block-columns-is-layout-flex\">\n<div class=\"wp-block-column py-5 py-md-0 is-layout-flow wp-block-column-is-layout-flow\">\n<h2 class=\"wp-block-heading header-h3 font__weight-700\">Initiatives de d\u00e9veloppement durable<\/h2>\n\n\n\n<p class=\"text__black mb-0\">En tant qu&rsquo;entreprise d\u00e9di\u00e9e aux principes verts de la protection de l&rsquo;environnement, Giti Tire se consacre au d\u00e9veloppement de technologies et de produits durables et \u00e9conomes en \u00e9nergie. Plus important encore, Giti Tire accorde une attention particuli\u00e8re au processus de fabrication des pneus et s&rsquo;efforce de minimiser l&rsquo;impact environnemental des produits en r\u00e9duisant les \u00e9missions, les eaux us\u00e9es et les d\u00e9chets.<\/p>\n<\/div>\n<\/div>\n<\/div>\n<\/div>\n","protected":false},"excerpt":{"rendered":"<p>Une entreprise mondiale de pneus Bas\u00e9e \u00e0 Singapour, Giti Tire est une entreprise mondiale de pneumatiques, enti\u00e8rement int\u00e9gr\u00e9e dans les&#8230;<\/p>\n","protected":false},"author":5,"featured_media":0,"parent":0,"menu_order":0,"comment_status":"closed","ping_status":"closed","template":"","meta":{"_acf_changed":false,"inline_featured_image":false,"footnotes":""},"class_list":["post-3524","page","type-page","status-publish","hentry"],"acf":[],"_links":{"self":[{"href":"https:\/\/gititrucktire.ca\/fr\/wp-json\/wp\/v2\/pages\/3524","targetHints":{"allow":["GET"]}}],"collection":[{"href":"https:\/\/gititrucktire.ca\/fr\/wp-json\/wp\/v2\/pages"}],"about":[{"href":"https:\/\/gititrucktire.ca\/fr\/wp-json\/wp\/v2\/types\/page"}],"author":[{"embeddable":true,"href":"https:\/\/gititrucktire.ca\/fr\/wp-json\/wp\/v2\/users\/5"}],"replies":[{"embeddable":true,"href":"https:\/\/gititrucktire.ca\/fr\/wp-json\/wp\/v2\/comments?post=3524"}],"version-history":[{"count":16,"href":"https:\/\/gititrucktire.ca\/fr\/wp-json\/wp\/v2\/pages\/3524\/revisions"}],"predecessor-version":[{"id":4373,"href":"https:\/\/gititrucktire.ca\/fr\/wp-json\/wp\/v2\/pages\/3524\/revisions\/4373"}],"wp:attachment":[{"href":"https:\/\/gititrucktire.ca\/fr\/wp-json\/wp\/v2\/media?parent=3524"}],"curies":[{"name":"wp","href":"https:\/\/api.w.org\/{rel}","templated":true}]}}