{"id":3523,"date":"2022-08-17T03:04:00","date_gmt":"2022-08-17T03:04:00","guid":{"rendered":"https:\/\/gititrucktire.ca\/accueil"},"modified":"2024-06-20T13:54:40","modified_gmt":"2024-06-20T13:54:40","slug":"accueil","status":"publish","type":"page","link":"https:\/\/gititrucktire.ca\/fr","title":{"rendered":"Accuell"},"content":{"rendered":"\n<div class=\"wp-block-columns mb-0 is-layout-flex wp-container-core-columns-is-layout-9d6595d7 wp-block-columns-is-layout-flex\">\n<div class=\"wp-block-column is-layout-flow wp-block-column-is-layout-flow\">\n\t\t\t<!-- START home REVOLUTION SLIDER 6.5.25 --><p class=\"rs-p-wp-fix\"><\/p>\n\t\t\t<rs-module-wrap id=\"rev_slider_1_1_wrapper\" data-source=\"gallery\" style=\"visibility:hidden;background:transparent;padding:0;margin:0px auto;margin-top:0;margin-bottom:0;\">\n\t\t\t\t<rs-module id=\"rev_slider_1_1\" style=\"\" data-version=\"6.5.25\">\n\t\t\t\t\t<rs-slides>\n\t\t\t\t\t\t<rs-slide style=\"position: absolute;\" data-key=\"rs-2\" data-title=\"Slide\" data-in=\"o:0;\" data-out=\"a:false;\">\n\t\t\t\t\t\t\t<img decoding=\"async\" src=\"\/\/gititrucktire.ca\/wp-content\/plugins\/revslider\/public\/assets\/assets\/dummy.png\" alt=\"\" title=\"Giti-Hero-NEW_2.jpeg\" width=\"1920\" height=\"1080\" class=\"rev-slidebg tp-rs-img rs-lazyload\" data-lazyload=\"\/\/gititrucktire.ca\/wp-content\/uploads\/revslider\/video-media\/Giti-Hero-NEW_2.jpeg\" data-no-retina>\n\t\t\t\t\t\t\t<rs-bgvideo \n\t\t\t\t\t\t\t\tdata-video=\"w:100%;h:100%;nse:false;l:true;ptimer:false;vfc:true;do:1;doca:rgba(0, 0, 0, 0.3);\"\n\t\t\t\t\t\t\t\tdata-mp4=\"\/\/gititrucktire.ca\/wp-content\/uploads\/2022\/11\/Giti-Hero-NEW.mp4\"\n\t\t\t\t\t\t\t><\/rs-bgvideo>\n<!--\n\t\t\t\t\t\t\t--><rs-layer\n\t\t\t\t\t\t\t\tid=\"slider-1-slide-2-layer-0\" \n\t\t\t\t\t\t\t\tdata-type=\"text\"\n\t\t\t\t\t\t\t\tdata-color=\"#fdd000\"\n\t\t\t\t\t\t\t\tdata-rsp_ch=\"on\"\n\t\t\t\t\t\t\t\tdata-xy=\"x:c;xo:-1px;y:c;yo:-120px;\"\n\t\t\t\t\t\t\t\tdata-text=\"w:normal;s:75;l:94;fw:700;a:center;\"\n\t\t\t\t\t\t\t\tdata-frame_999=\"o:0;st:w;\"\n\t\t\t\t\t\t\t\tstyle=\"z-index:5;font-family:'Rajdhani';text-transform:uppercase;\"\n\t\t\t\t\t\t\t>Faites l'exp\u00e9rience de la conduite \n\t\t\t\t\t\t\t<\/rs-layer><!--\n\n\t\t\t\t\t\t\t--><rs-layer\n\t\t\t\t\t\t\t\tid=\"slider-1-slide-2-layer-1\" \n\t\t\t\t\t\t\t\tdata-type=\"text\"\n\t\t\t\t\t\t\t\tdata-color=\"#fdd000\"\n\t\t\t\t\t\t\t\tdata-rsp_ch=\"on\"\n\t\t\t\t\t\t\t\tdata-xy=\"x:c;y:294px;\"\n\t\t\t\t\t\t\t\tdata-text=\"w:normal;s:55;fw:600;a:center;\"\n\t\t\t\t\t\t\t\tdata-frame_999=\"o:0;st:w;\"\n\t\t\t\t\t\t\t\tstyle=\"z-index:6;font-family:'Rajdhani';text-transform:uppercase;\"\n\t\t\t\t\t\t\t>Pneus de camion commerciaux Giti \n\t\t\t\t\t\t\t<\/rs-layer><!--\n\n\t\t\t\t\t\t\t--><a\n\t\t\t\t\t\t\t\tid=\"slider-1-slide-2-layer-2\" \n\t\t\t\t\t\t\t\tclass=\"rs-layer rev-btn\"\n\t\t\t\t\t\t\t\thref=\"https:\/\/gititrucktire.ca\/fr\/produits\" target=\"_self\"\n\t\t\t\t\t\t\t\tdata-type=\"button\"\n\t\t\t\t\t\t\t\tdata-color=\"#000000\"\n\t\t\t\t\t\t\t\tdata-rsp_ch=\"on\"\n\t\t\t\t\t\t\t\tdata-xy=\"x:c;y:454px;\"\n\t\t\t\t\t\t\t\tdata-text=\"w:normal;l:50;fw:700;a:center;\"\n\t\t\t\t\t\t\t\tdata-dim=\"minh:0px;\"\n\t\t\t\t\t\t\t\tdata-padding=\"r:30;l:30;\"\n\t\t\t\t\t\t\t\tdata-border=\"bor:4px,4px,4px,4px;\"\n\t\t\t\t\t\t\t\tdata-frame_999=\"o:0;st:w;\"\n\t\t\t\t\t\t\t\tdata-frame_hover=\"c:#000;bgc:#fff;bor:4px,4px,4px,4px;sp:200;e:power1.inOut;bri:120%;\"\n\t\t\t\t\t\t\t\tstyle=\"z-index:7;background-color:#fdd000;font-family:'Heebo';text-transform:uppercase;\"\n\t\t\t\t\t\t\t>VOIR TOUT \n\t\t\t\t\t\t\t<\/a><!--\n\n\t\t\t\t\t\t\t--><rs-layer\n\t\t\t\t\t\t\t\tid=\"slider-1-slide-2-layer-4\" \n\t\t\t\t\t\t\t\tdata-type=\"image\"\n\t\t\t\t\t\t\t\tdata-rsp_ch=\"on\"\n\t\t\t\t\t\t\t\tdata-xy=\"x:c;y:357px;\"\n\t\t\t\t\t\t\t\tdata-text=\"w:normal;\"\n\t\t\t\t\t\t\t\tdata-dim=\"w:289px;h:64px;\"\n\t\t\t\t\t\t\t\tdata-frame_999=\"o:0;st:w;\"\n\t\t\t\t\t\t\t\tstyle=\"z-index:8;\"\n\t\t\t\t\t\t\t><img decoding=\"async\" src=\"\/\/gititrucktire.ca\/wp-content\/plugins\/revslider\/public\/assets\/assets\/dummy.png\" alt=\"\" class=\"tp-rs-img rs-lazyload\" width=\"289\" height=\"64\" data-lazyload=\"\/\/gititrucktire.ca\/wp-content\/uploads\/2022\/11\/Giti-Hero-logo.png\" data-no-retina> \n\t\t\t\t\t\t\t<\/rs-layer><!--\n-->\t\t\t\t\t\t<\/rs-slide>\n\t\t\t\t\t<\/rs-slides>\n\t\t\t\t<\/rs-module>\n\t\t\t\t<script>\n\t\t\t\t\tsetREVStartSize({c: 'rev_slider_1_1',rl:[1240,1024,778,480],el:[700],gw:[1240],gh:[700],type:'standard',justify:'',layout:'fullwidth',mh:\"0\"});if (window.RS_MODULES!==undefined && window.RS_MODULES.modules!==undefined && window.RS_MODULES.modules[\"revslider11\"]!==undefined) {window.RS_MODULES.modules[\"revslider11\"].once = false;window.revapi1 = undefined;if (window.RS_MODULES.checkMinimal!==undefined) window.RS_MODULES.checkMinimal()}\n\t\t\t\t<\/script>\n\t\t\t<\/rs-module-wrap>\n\t\t\t<!-- END REVOLUTION SLIDER -->\n\n<\/div>\n<\/div>\n\n<div class=\"wp-block-columns gap-0 mb-0 background__black top-border-2 is-layout-flex wp-container-core-columns-is-layout-9d6595d7 wp-block-columns-is-layout-flex\">\n<div class=\"wp-block-column align-items-center d-flex is-layout-flow wp-block-column-is-layout-flow\">\n<div class=\"wp-block-columns homecopy pe-5 is-layout-flex wp-container-core-columns-is-layout-9d6595d7 wp-block-columns-is-layout-flex\">\n<div class=\"wp-block-column py-5 py-md-0 is-layout-flow wp-block-column-is-layout-flow\">\n<h3 class=\"has-text-align-left font__weight-700 header-h3 text__yellow mb-2 wp-block-heading\">Pourquoi choisir les pneus de camions commerciaux Giti ?<\/h3>\n\n\n\n<p class=\"text__white body__font-size-medium text__yellow\">Giti Tire s&rsquo;est toujours efforc\u00e9e d&rsquo;\u00e9couter attentivement la voix des clients et de comprendre leurs besoins, les conditions m\u00e9t\u00e9orologiques locales, les infrastructures, les modes d&rsquo;utilisation des v\u00e9hicules, les habitudes de conduite et les attentes en mati\u00e8re d&rsquo;automobile. En tirant parti de cette compr\u00e9hension et en l&rsquo;associant \u00e0 une R&amp;D de pointe, Giti Tire est en mesure de proposer un pneu \u00e0 la pointe de la technologie avec un \u00e9quilibre unique entre performance et prix qui d\u00e9passe de loin les attentes des clients.<\/p>\n\n\n\n<div class=\"wp-block-buttons is-layout-flex wp-block-buttons-is-layout-flex\">\n<div class=\"wp-block-button\"><a class=\"wp-block-button__link wp-element-button\" href=\"https:\/\/gititrucktire.ca\/fr\/a-propos-de-giti\">LIRE PLUS<\/a><\/div>\n<\/div>\n<\/div>\n<\/div>\n<\/div>\n\n\n\n<div class=\"wp-block-column is-layout-flow wp-block-column-is-layout-flow\">\n<figure class=\"wp-block-image size-full w-100 mb-0 mt-0\"><img loading=\"lazy\" decoding=\"async\" width=\"1002\" height=\"730\" src=\"https:\/\/gititrucktire.ca\/wp-content\/uploads\/2022\/08\/home-bio-image.jpg\" alt=\"\" class=\"wp-image-85\" srcset=\"https:\/\/gititrucktire.ca\/wp-content\/uploads\/2022\/08\/home-bio-image.jpg 1002w, https:\/\/gititrucktire.ca\/wp-content\/uploads\/2022\/08\/home-bio-image-300x219.jpg 300w, https:\/\/gititrucktire.ca\/wp-content\/uploads\/2022\/08\/home-bio-image-768x560.jpg 768w\" sizes=\"auto, (max-width: 1002px) 100vw, 1002px\" \/><\/figure>\n<\/div>\n<\/div>\n\n<div class=\"wp-block-columns py-5 mb-0 bottom-skew bottom-skew-home is-layout-flex wp-container-core-columns-is-layout-9d6595d7 wp-block-columns-is-layout-flex\">\n<div class=\"wp-block-column is-layout-flow wp-block-column-is-layout-flow\">\n<h2 class=\"has-text-align-center font__weight-700 section-header text__black mb-2 wp-block-heading\">TROUVER TROUVER LE BON PNEU<br\/>  EN 3 \u00c9TAPES FACILES<\/h2>\n\n\n\n<div style=\"height:10px\" aria-hidden=\"true\" class=\"wp-block-spacer\"><\/div>\n<\/div>\n<\/div>\n\n<div class=\"wp-block-columns mb-0 has-background is-layout-flex wp-container-core-columns-is-layout-9d6595d7 wp-block-columns-is-layout-flex\" style=\"background-color:#4a4a4a\">\n<div class=\"wp-block-column is-layout-flow wp-block-column-is-layout-flow\">\n<div class=\"wp-block-columns container is-layout-flex wp-container-core-columns-is-layout-9d6595d7 wp-block-columns-is-layout-flex\">\n<div class=\"wp-block-column is-layout-flow wp-block-column-is-layout-flow\">\n<div style=\"height:20px\" aria-hidden=\"true\" class=\"wp-block-spacer\"><\/div>\n\n\n\n<div style=\"height:50px\" aria-hidden=\"true\" class=\"wp-block-spacer\"><\/div>\n\n\n\n<h2 class=\"has-text-align-center header-h3 text__white font__weight-700 wp-block-heading\">S\u00e9lecteur de pneus<\/h2>\n\n\n<div class=\"page-finder__wrap\"><form action=\"\/fr\/resultat-du-pneu\" id=\"page-tire-finder\" method=\"GET\"><div class=\"page-finder-application__wrap\"><span class=\"num-order\">1<\/span><select  id=\"page-finder-application\"><option value=\"\" >Application<\/option><option value=\"long-haul-fr\">Longue Distance<\/option><option value=\"regional-fr\">R\u00e9gional<\/option><option value=\"urban-light-duty-fr\">Urbain | Service L\u00e9ger<\/option><option value=\"mixed-service-fr\">Utilisation Mixte<\/option><\/select><\/div><div  class=\"page-finder-axelposition__wrap\"><span class=\"num-order\">2<\/span><select  id=\"page-finder-axelposition\"><option value=\"\">Positions<\/option><option value=\"steer-fr\">Directeur<\/option><option value=\"drive-fr\">Moteur<\/option><option value=\"trailer-fr\">Remorque<\/option><option value=\"all-position-fr\">Toutes Positions<\/option><\/select><\/div><div  class=\"page-finder-termsize__wrap\"><span class=\"num-order\">3<\/span><select id=\"page-finder-tiresize\"><option value=\"\">Dimensions<\/option><option value=\"10r22-5-fr\">10R22.5<\/option><option value=\"11r22-5-fr\">11R22.5<\/option><option value=\"11r24-5-fr\">11R24.5<\/option><option value=\"215-75r17-5-fr\">215\/75R17.5<\/option><option value=\"225-70r19-5-fr\">225\/70R19.5<\/option><option value=\"235-75r17-5-fr\">235\/75R17.5<\/option><option value=\"245-70r19-5-fr\">245\/70R19.5<\/option><option value=\"245-75r17-5-fr\">245\/75R17.5<\/option><option value=\"255-70r22-5-fr\">255\/70R22.5<\/option><option value=\"265-70r19-5-fr\">265\/70R19.5<\/option><option value=\"275-70r22-5-fr\">275\/70R22.5<\/option><option value=\"285-75r24-5-fr\">285\/75R24.5<\/option><option value=\"295-75r22-5-fr\">295\/75R22.5<\/option><option value=\"295-80r22-5-fr\">295\/80R22.5<\/option><option value=\"315-80r22-5-fr\">315\/80R22.5<\/option><option value=\"385-65r22-5-fr\">385\/65R22.5<\/option><option value=\"425-65r22-5-fr\">425\/65R22.5<\/option><option value=\"445-50r22-5-fr\">445\/50R22.5<\/option><option value=\"445-65r22-5-fr\">445\/65R22.5<\/option><\/select><\/div><div id=\"page-tire-search-error\"><\/div><div class=\"page-finder__search-btn\"><a href=\"#\" class=\"submit-button\" id=\"page-search-submit\">CHERCHER<\/a><\/div><\/form><\/div>\n\n\n\n<div style=\"height:40px\" aria-hidden=\"true\" class=\"wp-block-spacer\"><\/div>\n<\/div>\n<\/div>\n<\/div>\n<\/div>\n\n<div class=\"wp-block-columns mb-0 py-5 home-tire-cat__wrap px-5 px-md-0 is-layout-flex wp-container-core-columns-is-layout-9d6595d7 wp-block-columns-is-layout-flex\">\n<div class=\"wp-block-column is-layout-flow wp-block-column-is-layout-flow\">\n<div style=\"height:80px\" aria-hidden=\"true\" class=\"wp-block-spacer\"><\/div>\n\n\n\n<h2 class=\"has-text-align-center font__weight-700 section-header text__yellow mb-2 wp-block-heading\">QUEL EST LE TYPE D&rsquo;APPLICATION DE VOTRE FLOTTE ?<\/h2>\n\n\n\n<div style=\"height:40px\" aria-hidden=\"true\" class=\"wp-block-spacer\"><\/div>\n\n\n\n<div class=\"wp-block-columns container mb-0 gap-0 px-0 home-tire-cat__card is-layout-flex wp-container-core-columns-is-layout-9d6595d7 wp-block-columns-is-layout-flex\">\n<div class=\"wp-block-column home-long-haul__image is-layout-flow wp-block-column-is-layout-flow\" style=\"flex-basis:40%\">\n<figure class=\"wp-block-image size-full mb-0\"><img loading=\"lazy\" decoding=\"async\" width=\"466\" height=\"366\" src=\"https:\/\/gititrucktire.ca\/wp-content\/uploads\/2022\/11\/Long-Haul-image-home.png\" alt=\"\" class=\"wp-image-4116\" srcset=\"https:\/\/gititrucktire.ca\/wp-content\/uploads\/2022\/11\/Long-Haul-image-home.png 466w, https:\/\/gititrucktire.ca\/wp-content\/uploads\/2022\/11\/Long-Haul-image-home-300x236.png 300w\" sizes=\"auto, (max-width: 466px) 100vw, 466px\" \/><\/figure>\n<\/div>\n\n\n\n<div class=\"wp-block-column d-flex flex-column justify-content-center home-tire-cat__content px-3 px-md-5 py-3 is-layout-flow wp-block-column-is-layout-flow\" style=\"flex-basis:66.66%\">\n<h2 class=\"wp-block-heading\">Longue Distance<\/h2>\n\n\n\n<div style=\"height:20px\" aria-hidden=\"true\" class=\"wp-block-spacer\"><\/div>\n\n\n\n<ul class=\"bullet-yellow\"><li>Interstate et autoroute<\/li>\n<li>Itin\u00e9raires longue distance<\/li>\n<li>Vitesses constantes avec un minimum de freinages et d&rsquo;acc\u00e9l\u00e9rations<\/li>\n<li>Routes bien pav\u00e9es<\/li><\/ul>\n\n\n\n<div class=\"wp-block-buttons is-layout-flex wp-block-buttons-is-layout-flex\">\n<div class=\"wp-block-button\"><a class=\"wp-block-button__link wp-element-button\" href=\"https:\/\/gititrucktire.ca\/fr\/product-category\/application-fr\/long-haul-fr\">EN SAVOIR PLUS<\/a><\/div>\n<\/div>\n<\/div>\n<\/div>\n\n\n\n<div class=\"wp-block-columns container mb-0 gap-0 px-0 home-tire-cat__card is-layout-flex wp-container-core-columns-is-layout-9d6595d7 wp-block-columns-is-layout-flex\">\n<div class=\"wp-block-column home-regional__image is-layout-flow wp-block-column-is-layout-flow\" style=\"flex-basis:40%\">\n<figure class=\"wp-block-image size-full mb-0\"><img loading=\"lazy\" decoding=\"async\" width=\"466\" height=\"373\" src=\"https:\/\/gititrucktire.ca\/wp-content\/uploads\/2022\/11\/Regional-image-home.png\" alt=\"\" class=\"wp-image-4118\" srcset=\"https:\/\/gititrucktire.ca\/wp-content\/uploads\/2022\/11\/Regional-image-home.png 466w, https:\/\/gititrucktire.ca\/wp-content\/uploads\/2022\/11\/Regional-image-home-300x240.png 300w\" sizes=\"auto, (max-width: 466px) 100vw, 466px\" \/><\/figure>\n<\/div>\n\n\n\n<div class=\"wp-block-column d-flex flex-column justify-content-center home-tire-cat__content px-3 px-md-5 py-3 is-layout-flow wp-block-column-is-layout-flow\" style=\"flex-basis:66.66%\">\n<h2 class=\"wp-block-heading\">R\u00e9gional<\/h2>\n\n\n\n<div style=\"height:20px\" aria-hidden=\"true\" class=\"wp-block-spacer\"><\/div>\n\n\n\n<ul class=\"bullet-yellow\">\n<li>Autoroutes r\u00e9gionales et rues de la ville<\/li>\n<li>Flexible dans une vari\u00e9t\u00e9 d&rsquo;applications<\/li>\n<li>Freinage, acc\u00e9l\u00e9ration et virage fr\u00e9quents<\/li>\n<li>Principalement sur route pav\u00e9e, utilisation occasionnelle sur route non pav\u00e9e.<\/li>\n<\/ul>\n\n\n\n<div class=\"wp-block-buttons is-layout-flex wp-block-buttons-is-layout-flex\">\n<div class=\"wp-block-button\"><a class=\"wp-block-button__link wp-element-button\" href=\"https:\/\/gititrucktire.ca\/fr\/product-category\/application-fr\/regional-fr\">EN SAVOIR PLUS<\/a><\/div>\n<\/div>\n<\/div>\n<\/div>\n\n\n\n<div class=\"wp-block-columns container mb-0 gap-0 px-0 home-tire-cat__card is-layout-flex wp-container-core-columns-is-layout-9d6595d7 wp-block-columns-is-layout-flex\">\n<div class=\"wp-block-column home-mixed-service__image is-layout-flow wp-block-column-is-layout-flow\" style=\"flex-basis:40%\">\n<figure class=\"wp-block-image size-full mb-0\"><img loading=\"lazy\" decoding=\"async\" width=\"466\" height=\"339\" src=\"https:\/\/gititrucktire.ca\/wp-content\/uploads\/2022\/11\/Mixed-service-image-home.png\" alt=\"\" class=\"wp-image-4120\" srcset=\"https:\/\/gititrucktire.ca\/wp-content\/uploads\/2022\/11\/Mixed-service-image-home.png 466w, https:\/\/gititrucktire.ca\/wp-content\/uploads\/2022\/11\/Mixed-service-image-home-300x218.png 300w\" sizes=\"auto, (max-width: 466px) 100vw, 466px\" \/><\/figure>\n<\/div>\n\n\n\n<div class=\"wp-block-column d-flex flex-column justify-content-center home-tire-cat__content px-3 px-md-5 py-3 is-layout-flow wp-block-column-is-layout-flow\" style=\"flex-basis:66.66%\">\n<h2 class=\"wp-block-heading\">Utilisation Mixte<\/h2>\n\n\n\n<div style=\"height:20px\" aria-hidden=\"true\" class=\"wp-block-spacer\"><\/div>\n\n\n\n<ul class=\"bullet-yellow\">\n<li>Utilisation fr\u00e9quente sur route et hors route<\/li>\n<li>Charges lourdes<\/li>\n<li>Construction<\/li>\n<\/ul>\n\n\n\n<div class=\"wp-block-buttons is-layout-flex wp-block-buttons-is-layout-flex\">\n<div class=\"wp-block-button\"><a class=\"wp-block-button__link wp-element-button\" href=\"https:\/\/gititrucktire.ca\/fr\/application\/mixed-service-fr\">EN SAVOIR PLUS<\/a><\/div>\n<\/div>\n<\/div>\n<\/div>\n\n\n\n<div class=\"wp-block-columns container mb-0 gap-0 px-0 home-tire-cat__card is-layout-flex wp-container-core-columns-is-layout-9d6595d7 wp-block-columns-is-layout-flex\">\n<div class=\"wp-block-column home-urban-duty__image is-layout-flow wp-block-column-is-layout-flow\" style=\"flex-basis:40%\">\n<figure class=\"wp-block-image size-full mb-0\"><img loading=\"lazy\" decoding=\"async\" width=\"466\" height=\"455\" src=\"https:\/\/gititrucktire.ca\/wp-content\/uploads\/2022\/11\/Urban-image-home.png\" alt=\"\" class=\"wp-image-4123\" srcset=\"https:\/\/gititrucktire.ca\/wp-content\/uploads\/2022\/11\/Urban-image-home.png 466w, https:\/\/gititrucktire.ca\/wp-content\/uploads\/2022\/11\/Urban-image-home-300x293.png 300w\" sizes=\"auto, (max-width: 466px) 100vw, 466px\" \/><\/figure>\n<\/div>\n\n\n\n<div class=\"wp-block-column d-flex flex-column justify-content-center home-tire-cat__content px-3 px-md-5 py-3 is-layout-flow wp-block-column-is-layout-flow\" style=\"flex-basis:66.66%\">\n<h2 class=\"wp-block-heading\">Urban LT Duty<\/h2>\n\n\n\n<div style=\"height:20px\" aria-hidden=\"true\" class=\"wp-block-spacer\"><\/div>\n\n\n\n<ul class=\"bullet-yellow\"><li>Applications r\u00e9gionales, urbaines et mixtes de services<\/li>\n<li>V\u00e9hicules utilitaires l\u00e9gers, utilitaires, autobus, v\u00e9hicules de transport, v\u00e9hicules \u00e0 benne basculante et v\u00e9hicules de camping Classe 3-6<\/li>\n<li>PTAC de 10 001 \u00e0 26 000 lb<\/li>\n<li>Flexible dans une vari\u00e9t\u00e9 d&rsquo;applications<\/li>\n<li>Principalement sur route pav\u00e9e, utilisation occasionnelle sur route non pav\u00e9e.<\/li>\n<\/ul>\n\n\n\n<div class=\"wp-block-buttons is-layout-flex wp-block-buttons-is-layout-flex\">\n<div class=\"wp-block-button\"><a class=\"wp-block-button__link wp-element-button\" href=\"https:\/\/gititrucktire.ca\/fr\/application\/urban-light-duty-fr\">EN SAVOIR PLUS<\/a><\/div>\n<\/div>\n<\/div>\n<\/div>\n\n\n\n<div style=\"height:100px\" aria-hidden=\"true\" class=\"wp-block-spacer\"><\/div>\n<\/div>\n<\/div>\n\n<div class=\"wp-block-columns background__black-cut py-5 mb-0 is-layout-flex wp-container-core-columns-is-layout-9d6595d7 wp-block-columns-is-layout-flex\">\n<div class=\"wp-block-column background__black is-layout-flow wp-block-column-is-layout-flow\">\n<div class=\"wp-block-columns container is-layout-flex wp-container-core-columns-is-layout-9d6595d7 wp-block-columns-is-layout-flex\">\n<div class=\"wp-block-column is-layout-flow wp-block-column-is-layout-flow\">\n<div style=\"height:100px\" aria-hidden=\"true\" class=\"wp-block-spacer\"><\/div>\n\n\n\n<h2 class=\"has-text-align-center font__weight-700 section-header text__yellow wp-block-heading\">PNEUS SMARTWAY D\u00c9SIGN\u00c9S PAR L&rsquo;EPA<\/h2>\n\n\n\n<div style=\"height:40px\" aria-hidden=\"true\" class=\"wp-block-spacer\"><\/div>\n\n\n<div class=\"wp-block-image my-3\">\n<figure class=\"aligncenter size-full\"><img loading=\"lazy\" decoding=\"async\" width=\"153\" height=\"103\" src=\"https:\/\/gititrucktire.ca\/wp-content\/uploads\/2022\/08\/SmartWay-Logo-white.png\" alt=\"\" class=\"wp-image-80\"\/><\/figure>\n<\/div><\/div>\n<\/div>\n\n\n\n<div class=\"wp-block-columns container gap-5 is-layout-flex wp-container-core-columns-is-layout-9d6595d7 wp-block-columns-is-layout-flex\">\n<div class=\"wp-block-column text__yellows is-layout-flow wp-block-column-is-layout-flow\">\n<p class=\"text__yellow\">Giti propose une gamme compl\u00e8te de pneus dot\u00e9s des technologies v\u00e9rifi\u00e9es SmartWay pour les longs trajets et les applications r\u00e9gionales, et pour chaque position de roue.<\/p>\n\n\n\n<p class=\"text__yellow\">Sur un ensemble tracteur-remorque, les pneus directeurs contribuent \u00e0 l&rsquo;\u00e9conomie de carburant \u00e0 hauteur de 15 \u00e0 20 %, les pneus moteurs \u00e0 hauteur de 30 \u00e0 40 % et les pneus de la remorque \u00e0 hauteur de 40 \u00e0 50 %. V\u00e9rifi\u00e9 par l&rsquo;EPA pour r\u00e9pondre aux valeurs cibles de r\u00e9sistance au roulement pour leurs positions d&rsquo;essieu d\u00e9sign\u00e9es. Giti Tire produit plusieurs pneus FS (Fuel Saving) qui sont des pneus \u00e0 faible r\u00e9sistance au roulement.<\/p>\n\n\n\n<p class=\"text__yellow\">L&rsquo;EPA a d\u00e9termin\u00e9 que certains mod\u00e8les de pneus \u00e0 faible r\u00e9sistance au roulement, lorsqu&rsquo;ils sont utilis\u00e9s sur les cinq essieux des semi-remorques de classe 8 \u00e0 longue distance, peuvent r\u00e9duire les \u00e9missions de NOx et am\u00e9liorer la consommation de carburant de plus de 3 %.<\/p>\n<\/div>\n\n\n\n<div class=\"wp-block-column text__yellow is-layout-flow wp-block-column-is-layout-flow\">\n<p class=\"text__yellow\">Les pneus \u00e0 faible r\u00e9sistance au roulement peuvent \u00eatre utilis\u00e9s avec des roues en aluminium plus l\u00e9g\u00e8res pour am\u00e9liorer encore les \u00e9conomies de carburant. Lorsque vous combinez la longue dur\u00e9e de vie de la bande de roulement, la durabilit\u00e9 et la capacit\u00e9 de rechapage des pneus Giti avec l&rsquo;efficacit\u00e9 \u00e9nerg\u00e9tique d&rsquo;une faible r\u00e9sistance au roulement, vous obtenez des co\u00fbts d&rsquo;exploitation r\u00e9duits et la performance Giti.<\/p>\n\n\n\n<p class=\"text__yellow\">Pour garantir l&rsquo;obtention d&rsquo;am\u00e9liorations, suivez ces conditions :<\/p>\n\n\n\n<ul class=\"yellow-arrow text__yellow\"><li>Les pneus sont utilis\u00e9s sur les positions d&rsquo;essieu indiqu\u00e9es pour.<\/li>\n\n<li>Les pneus sont install\u00e9s sur toutes les positions d&rsquo;essieu du tracteur et de la remorque.<\/li>\n\n<li>Les pneus sont correctement gonfl\u00e9s selon les sp\u00e9cifications du fabricant.<\/li><\/ul>\n<\/div>\n<\/div>\n<\/div>\n<\/div>\n\n<div class=\"wp-block-columns news-events__container mb-0 is-layout-flex wp-container-core-columns-is-layout-9d6595d7 wp-block-columns-is-layout-flex\">\n<div class=\"wp-block-column is-layout-flow wp-block-column-is-layout-flow\">\n<div class=\"wp-block-columns container is-layout-flex wp-container-core-columns-is-layout-9d6595d7 wp-block-columns-is-layout-flex\">\n<div class=\"wp-block-column is-layout-flow wp-block-column-is-layout-flow\">\n<div style=\"height:80px\" aria-hidden=\"true\" class=\"wp-block-spacer d-md-block\"><\/div>\n\n\n\n<h2 class=\"has-text-align-center font__weight-700 section-header text__black mb-2 wp-block-heading\">ACTUALIT\u00c9S ET \u00c9V\u00c9NEMENTS<\/h2>\n\n\n\n<div style=\"height:40px\" aria-hidden=\"true\" class=\"wp-block-spacer\"><\/div>\n\n\n<div class=\"news-post__wrap\"><article class='news-post__card'><div class='news-post__image'><img src=https:\/\/gititrucktire.ca\/wp-content\/uploads\/2022\/10\/3-1.jpg alt='News image' ><\/div><div class='news-post__content'><a href=\"https:\/\/gititrucktire.ca\/fr\/performance-de-qualite-des-pilotes-lors-du-championnat-britannique-de-courses-de-camions-sponsorise-par-giti\"   target=\"_blank\"><h4>Performance de qualit\u00e9 des pilotes lors du championnat britannique de courses de camions sponsoris\u00e9 par Giti <\/h4><\/a><\/div><\/article><article class='news-post__card'><div class='news-post__image'><img src=https:\/\/gititrucktire.ca\/wp-content\/uploads\/2022\/11\/truck-sub-image.jpg alt='News image' ><\/div><div class='news-post__content'><a href=\"https:\/\/gititrucktire.ca\/fr\/un-convoi-de-hauts-et-de-bas\"   target=\"_blank\"><h4>Un convoi de hauts et de bas ! <\/h4><\/a><\/div><\/article><div class='news-post__button'><a href='https:\/\/gititrucktire.ca\/fr\/news' class='button'>VOIR TOUT<\/a><\/div><\/div>\n\n\n\n<div style=\"height:80px\" aria-hidden=\"true\" class=\"wp-block-spacer d-md-block\"><\/div>\n<\/div>\n<\/div>\n<\/div>\n<\/div>\n","protected":false},"excerpt":{"rendered":"<p>Pourquoi choisir les pneus de camions commerciaux Giti ? Giti Tire s&rsquo;est toujours efforc\u00e9e d&rsquo;\u00e9couter attentivement la voix des clients&#8230;<\/p>\n","protected":false},"author":5,"featured_media":0,"parent":0,"menu_order":0,"comment_status":"closed","ping_status":"closed","template":"","meta":{"_acf_changed":false,"inline_featured_image":false,"footnotes":""},"class_list":["post-3523","page","type-page","status-publish","hentry"],"acf":[],"_links":{"self":[{"href":"https:\/\/gititrucktire.ca\/fr\/wp-json\/wp\/v2\/pages\/3523","targetHints":{"allow":["GET"]}}],"collection":[{"href":"https:\/\/gititrucktire.ca\/fr\/wp-json\/wp\/v2\/pages"}],"about":[{"href":"https:\/\/gititrucktire.ca\/fr\/wp-json\/wp\/v2\/types\/page"}],"author":[{"embeddable":true,"href":"https:\/\/gititrucktire.ca\/fr\/wp-json\/wp\/v2\/users\/5"}],"replies":[{"embeddable":true,"href":"https:\/\/gititrucktire.ca\/fr\/wp-json\/wp\/v2\/comments?post=3523"}],"version-history":[{"count":47,"href":"https:\/\/gititrucktire.ca\/fr\/wp-json\/wp\/v2\/pages\/3523\/revisions"}],"predecessor-version":[{"id":4414,"href":"https:\/\/gititrucktire.ca\/fr\/wp-json\/wp\/v2\/pages\/3523\/revisions\/4414"}],"wp:attachment":[{"href":"https:\/\/gititrucktire.ca\/fr\/wp-json\/wp\/v2\/media?parent=3523"}],"curies":[{"name":"wp","href":"https:\/\/api.w.org\/{rel}","templated":true}]}}